{"id":901,"date":"2023-08-17T10:46:18","date_gmt":"2023-08-17T10:46:18","guid":{"rendered":"https:\/\/www.ratani.in\/?page_id=901"},"modified":"2023-09-01T12:31:22","modified_gmt":"2023-09-01T12:31:22","slug":"malwada-yellow-granite-manufacturer-and-exporter","status":"publish","type":"page","link":"https:\/\/www.ratani.in\/pt\/malwada-yellow-granite-manufacturer-and-exporter\/","title":{"rendered":"Granito Malwada amarelo"},"content":{"rendered":"<p>O Granito Malwada amarelo \u00e9 uma encarna\u00e7\u00e3o radiante do sol capturada dentro de uma pedra. Seus tons dourados, reminiscentes do brilho do p\u00f4r do sol, infundem qualquer espa\u00e7o com calor e alegria. Como uma explos\u00e3o da alegria mais pura da natureza, ele traz um toque da ess\u00eancia do ver\u00e3o para o seu entorno.<\/p>\n<p>Sua textura de gr\u00e3o grosseiro convida os dedos a explorar suas suaves ondula\u00e7\u00f5es, como tra\u00e7ar os contornos de uma paisagem beijada pelo sol. O acabamento polido adiciona um brilho suave, refletindo a luz em uma dan\u00e7a que celebra a beleza inerente da pedra.<\/p>\n<p>O Granito Malwada amarelo \u00e9 uma bela variedade de granito conhecida por sua cor amarela quente e charme natural, por isso \u00e9 uma das pedras naturais indianas preferidas entre os fornecedores de granito de Gujarat.<\/p>\n<p>O Granito Malwada amarelo normalmente apresenta um fundo predominantemente amarelo com varia\u00e7\u00f5es sutis de tom, que v\u00e3o de tons claros a m\u00e9dios. Ele exala uma atmosfera calorosa e convidativa, trazendo um toque de luminosidade a qualquer espa\u00e7o.<\/p>\n","protected":false},"excerpt":{"rendered":"<p>O Granito Malwada amarelo \u00e9 uma encarna\u00e7\u00e3o radiante do sol capturada dentro de uma pedra. Seus tons dourados, reminiscentes do brilho do p\u00f4r do sol, infundem qualquer espa\u00e7o com calor e alegria. Como uma explos\u00e3o da alegria mais pura da natureza, ele traz um toque da ess\u00eancia do ver\u00e3o para o seu entorno. Sua textura &hellip; <a href=\"https:\/\/www.ratani.in\/pt\/malwada-yellow-granite-manufacturer-and-exporter\/\" class=\"more-link\">Continue reading<span class=\"screen-reader-text\"> &#8220;Granito Malwada amarelo&#8221;<\/span><\/a><\/p>\n","protected":false},"author":1,"featured_media":906,"parent":0,"menu_order":0,"comment_status":"closed","ping_status":"closed","template":"page-templates\/product.php","meta":{"footnotes":""},"translation":{"provider":"WPGlobus","version":"2.12.2","language":"pt","enabled_languages":["en","es","fr","ru","ar","zh","pt"],"languages":{"en":{"title":true,"content":true,"excerpt":false},"es":{"title":true,"content":true,"excerpt":false},"fr":{"title":true,"content":true,"excerpt":false},"ru":{"title":true,"content":true,"excerpt":false},"ar":{"title":true,"content":true,"excerpt":false},"zh":{"title":true,"content":true,"excerpt":false},"pt":{"title":true,"content":true,"excerpt":false}}},"acf":[],"_links":{"self":[{"href":"https:\/\/www.ratani.in\/pt\/wp-json\/wp\/v2\/pages\/901"}],"collection":[{"href":"https:\/\/www.ratani.in\/pt\/wp-json\/wp\/v2\/pages"}],"about":[{"href":"https:\/\/www.ratani.in\/pt\/wp-json\/wp\/v2\/types\/page"}],"author":[{"embeddable":true,"href":"https:\/\/www.ratani.in\/pt\/wp-json\/wp\/v2\/users\/1"}],"replies":[{"embeddable":true,"href":"https:\/\/www.ratani.in\/pt\/wp-json\/wp\/v2\/comments?post=901"}],"version-history":[{"count":11,"href":"https:\/\/www.ratani.in\/pt\/wp-json\/wp\/v2\/pages\/901\/revisions"}],"predecessor-version":[{"id":2541,"href":"https:\/\/www.ratani.in\/pt\/wp-json\/wp\/v2\/pages\/901\/revisions\/2541"}],"wp:featuredmedia":[{"embeddable":true,"href":"https:\/\/www.ratani.in\/pt\/wp-json\/wp\/v2\/media\/906"}],"wp:attachment":[{"href":"https:\/\/www.ratani.in\/pt\/wp-json\/wp\/v2\/media?parent=901"}],"curies":[{"name":"wp","href":"https:\/\/api.w.org\/{rel}","templated":true}]}}