{"id":912,"date":"2023-08-17T11:56:59","date_gmt":"2023-08-17T11:56:59","guid":{"rendered":"https:\/\/www.ratani.in\/?page_id=912"},"modified":"2023-09-05T12:05:33","modified_gmt":"2023-09-05T12:05:33","slug":"granite-by-colours","status":"publish","type":"page","link":"https:\/\/www.ratani.in\/pt\/granite-by-colours\/","title":{"rendered":"Por cores"},"content":{"rendered":"<p>Descubra um espectro de elegantes cores de granito indiano com a nossa diversificada gama de azulejos de granito, blocos de granito, lajes de granito de serra e lajes de granito cortadas. Desde o charme atemporal do preto at\u00e9 o calor terroso de brancos e azuis, nossa cole\u00e7\u00e3o exibe tons que d\u00e3o vida aos espa\u00e7os.<\/p>\n","protected":false},"excerpt":{"rendered":"<p>Descubra um espectro de elegantes cores de granito indiano com a nossa diversificada gama de azulejos de granito, blocos de granito, lajes de granito de serra e lajes de granito cortadas. Desde o charme atemporal do preto at\u00e9 o calor terroso de brancos e azuis, nossa cole\u00e7\u00e3o exibe tons que d\u00e3o vida aos espa\u00e7os.<\/p>\n","protected":false},"author":1,"featured_media":914,"parent":0,"menu_order":0,"comment_status":"closed","ping_status":"closed","template":"page-templates\/bycolors-page.php","meta":{"footnotes":""},"translation":{"provider":"WPGlobus","version":"2.12.2","language":"pt","enabled_languages":["en","es","fr","ru","ar","zh","pt"],"languages":{"en":{"title":true,"content":true,"excerpt":false},"es":{"title":true,"content":true,"excerpt":false},"fr":{"title":true,"content":true,"excerpt":false},"ru":{"title":true,"content":true,"excerpt":false},"ar":{"title":true,"content":true,"excerpt":false},"zh":{"title":true,"content":true,"excerpt":false},"pt":{"title":true,"content":true,"excerpt":false}}},"acf":[],"_links":{"self":[{"href":"https:\/\/www.ratani.in\/pt\/wp-json\/wp\/v2\/pages\/912"}],"collection":[{"href":"https:\/\/www.ratani.in\/pt\/wp-json\/wp\/v2\/pages"}],"about":[{"href":"https:\/\/www.ratani.in\/pt\/wp-json\/wp\/v2\/types\/page"}],"author":[{"embeddable":true,"href":"https:\/\/www.ratani.in\/pt\/wp-json\/wp\/v2\/users\/1"}],"replies":[{"embeddable":true,"href":"https:\/\/www.ratani.in\/pt\/wp-json\/wp\/v2\/comments?post=912"}],"version-history":[{"count":30,"href":"https:\/\/www.ratani.in\/pt\/wp-json\/wp\/v2\/pages\/912\/revisions"}],"predecessor-version":[{"id":2646,"href":"https:\/\/www.ratani.in\/pt\/wp-json\/wp\/v2\/pages\/912\/revisions\/2646"}],"wp:featuredmedia":[{"embeddable":true,"href":"https:\/\/www.ratani.in\/pt\/wp-json\/wp\/v2\/media\/914"}],"wp:attachment":[{"href":"https:\/\/www.ratani.in\/pt\/wp-json\/wp\/v2\/media?parent=912"}],"curies":[{"name":"wp","href":"https:\/\/api.w.org\/{rel}","templated":true}]}}