{"id":960,"date":"2023-08-17T14:37:46","date_gmt":"2023-08-17T14:37:46","guid":{"rendered":"https:\/\/www.ratani.in\/?page_id=960"},"modified":"2023-09-01T11:30:57","modified_gmt":"2023-09-01T11:30:57","slug":"granite-by-origin","status":"publish","type":"page","link":"https:\/\/www.ratani.in\/pt\/granite-by-origin\/","title":{"rendered":"Por Origem"},"content":{"rendered":"<p>Nossa cole\u00e7\u00e3o de granito \u00e9 obtida tanto do Norte quanto do Sul da \u00cdndia. Assim, voc\u00ea pode elevar o seu espa\u00e7o com a eleg\u00e2ncia dos granitos do Norte da \u00cdndia ou a solidez dos granitos do Sul da \u00cdndia, de acordo com as suas necessidades. Temos certeza de que os diferentes produtos de granito da \u00cdndia proporcionar\u00e3o uma combina\u00e7\u00e3o harmoniosa de durabilidade e apelo visual, independentemente da sua escolha.<\/p>\n","protected":false},"excerpt":{"rendered":"<p>Nossa cole\u00e7\u00e3o de granito \u00e9 obtida tanto do Norte quanto do Sul da \u00cdndia. Assim, voc\u00ea pode elevar o seu espa\u00e7o com a eleg\u00e2ncia dos granitos do Norte da \u00cdndia ou a solidez dos granitos do Sul da \u00cdndia, de acordo com as suas necessidades. Temos certeza de que os diferentes produtos de granito da &hellip; <a href=\"https:\/\/www.ratani.in\/pt\/granite-by-origin\/\" class=\"more-link\">Continue reading<span class=\"screen-reader-text\"> &#8220;Por Origem&#8221;<\/span><\/a><\/p>\n","protected":false},"author":1,"featured_media":103,"parent":0,"menu_order":0,"comment_status":"closed","ping_status":"closed","template":"page-templates\/byregion-page.php","meta":{"footnotes":""},"translation":{"provider":"WPGlobus","version":"2.12.2","language":"pt","enabled_languages":["en","es","fr","ru","ar","zh","pt"],"languages":{"en":{"title":true,"content":true,"excerpt":false},"es":{"title":true,"content":true,"excerpt":false},"fr":{"title":true,"content":true,"excerpt":false},"ru":{"title":true,"content":true,"excerpt":false},"ar":{"title":true,"content":true,"excerpt":false},"zh":{"title":true,"content":true,"excerpt":false},"pt":{"title":true,"content":true,"excerpt":false}}},"acf":[],"_links":{"self":[{"href":"https:\/\/www.ratani.in\/pt\/wp-json\/wp\/v2\/pages\/960"}],"collection":[{"href":"https:\/\/www.ratani.in\/pt\/wp-json\/wp\/v2\/pages"}],"about":[{"href":"https:\/\/www.ratani.in\/pt\/wp-json\/wp\/v2\/types\/page"}],"author":[{"embeddable":true,"href":"https:\/\/www.ratani.in\/pt\/wp-json\/wp\/v2\/users\/1"}],"replies":[{"embeddable":true,"href":"https:\/\/www.ratani.in\/pt\/wp-json\/wp\/v2\/comments?post=960"}],"version-history":[{"count":14,"href":"https:\/\/www.ratani.in\/pt\/wp-json\/wp\/v2\/pages\/960\/revisions"}],"predecessor-version":[{"id":2506,"href":"https:\/\/www.ratani.in\/pt\/wp-json\/wp\/v2\/pages\/960\/revisions\/2506"}],"wp:featuredmedia":[{"embeddable":true,"href":"https:\/\/www.ratani.in\/pt\/wp-json\/wp\/v2\/media\/103"}],"wp:attachment":[{"href":"https:\/\/www.ratani.in\/pt\/wp-json\/wp\/v2\/media?parent=960"}],"curies":[{"name":"wp","href":"https:\/\/api.w.org\/{rel}","templated":true}]}}